{"id":74,"date":"2020-07-28T17:39:04","date_gmt":"2020-07-28T15:39:04","guid":{"rendered":"http:\/\/butohmr.cluster028.hosting.ovh.net\/?page_id=74"},"modified":"2020-11-25T23:27:52","modified_gmt":"2020-11-25T22:27:52","slug":"contact","status":"publish","type":"page","link":"https:\/\/butoh-medulla.com\/?page_id=74","title":{"rendered":"Contact"},"content":{"rendered":"\t\t<div data-elementor-type=\"wp-page\" data-elementor-id=\"74\" class=\"elementor elementor-74\">\n\t\t\t\t\t\t\t\t\t<section class=\"elementor-section elementor-top-section elementor-element elementor-element-db0b29f elementor-section-stretched elementor-section-full_width elementor-section-height-default elementor-section-height-default\" data-id=\"db0b29f\" data-element_type=\"section\" data-settings=\"{&quot;stretch_section&quot;:&quot;section-stretched&quot;}\">\n\t\t\t\t\t\t<div class=\"elementor-container elementor-column-gap-default\">\n\t\t\t\t\t<div class=\"elementor-column elementor-col-100 elementor-top-column elementor-element elementor-element-e3974c4\" data-id=\"e3974c4\" data-element_type=\"column\">\n\t\t\t<div class=\"elementor-widget-wrap elementor-element-populated\">\n\t\t\t\t\t\t\t\t<div class=\"elementor-element elementor-element-29da66a elementor-fixed elementor-widget elementor-widget-premium-addon-banner\" data-id=\"29da66a\" data-element_type=\"widget\" data-settings=\"{&quot;_position&quot;:&quot;fixed&quot;}\" data-widget_type=\"premium-addon-banner.default\">\n\t\t\t\t<div class=\"elementor-widget-container\">\n\t\t\t\t\t<div class=\"premium-banner-ib premium-banner-min-height premium-banner-animation1 zoomin active\">\r\n\t\t\t\t\t\t\t\t\t\t\t\t\t\t\t<img fetchpriority=\"high\" decoding=\"async\" width=\"1920\" height=\"1080\" src=\"https:\/\/butoh-medulla.com\/wp-content\/uploads\/2020\/07\/AMA-1-1.bmp\" class=\"attachment-full size-full wp-image-150\" alt=\"Naomi Mutoh\" srcset=\"https:\/\/butoh-medulla.com\/wp-content\/uploads\/2020\/07\/AMA-1-1.bmp 1920w, https:\/\/butoh-medulla.com\/wp-content\/uploads\/2020\/07\/AMA-1-1-300x169.jpg 300w, https:\/\/butoh-medulla.com\/wp-content\/uploads\/2020\/07\/AMA-1-1-1024x576.jpg 1024w, https:\/\/butoh-medulla.com\/wp-content\/uploads\/2020\/07\/AMA-1-1-768x432.jpg 768w, https:\/\/butoh-medulla.com\/wp-content\/uploads\/2020\/07\/AMA-1-1-1536x864.jpg 1536w\" sizes=\"(max-width: 1920px) 100vw, 1920px\" \/>\t\t\t\t\t\t\t\t\t\t<div class=\"premium-banner-ib-desc\">\r\n\t\t\t\t\t\t\t\t\t<h3 class=\"premium-banner-ib-title premium_banner_title\"><\/h3>\t\t\t\t\t\t\t\t\t\t\t\t<\/div>\r\n\t\t\t\t\t<\/div>\r\n\t\t\t\t\t\t<\/div>\n\t\t\t\t<\/div>\n\t\t\t\t\t<\/div>\n\t\t<\/div>\n\t\t\t\t\t\t\t<\/div>\n\t\t<\/section>\n\t\t\t\t<section class=\"elementor-section elementor-top-section elementor-element elementor-element-d3733de elementor-section-boxed elementor-section-height-default elementor-section-height-default\" data-id=\"d3733de\" data-element_type=\"section\" data-settings=\"{&quot;background_background&quot;:&quot;classic&quot;}\">\n\t\t\t\t\t\t<div class=\"elementor-container elementor-column-gap-default\">\n\t\t\t\t\t<div class=\"elementor-column elementor-col-100 elementor-top-column elementor-element elementor-element-fc567ed\" data-id=\"fc567ed\" data-element_type=\"column\">\n\t\t\t<div class=\"elementor-widget-wrap elementor-element-populated\">\n\t\t\t\t\t\t\t\t<div class=\"elementor-element elementor-element-5eae00e elementor-widget elementor-widget-wp-widget-wpforms-widget\" data-id=\"5eae00e\" data-element_type=\"widget\" data-widget_type=\"wp-widget-wpforms-widget.default\">\n\t\t\t\t<div class=\"elementor-widget-container\">\n\t\t\t<div class=\"wpforms-container wpforms-container-full\" id=\"wpforms-148\"><form id=\"wpforms-form-148\" class=\"wpforms-validate wpforms-form\" data-formid=\"148\" method=\"post\" enctype=\"multipart\/form-data\" action=\"\/index.php?rest_route=%2Fwp%2Fv2%2Fpages%2F74\" data-token=\"b9411759f0cba1da57f5b81ab590ef6f\"><div class=\"wpforms-head-container\"><div class=\"wpforms-title\">Nous contacter<\/div><\/div><noscript class=\"wpforms-error-noscript\">Veuillez activer JavaScript dans votre navigateur pour remplir ce formulaire.<\/noscript><div class=\"wpforms-field-container\"><div id=\"wpforms-148-field_0-container\" class=\"wpforms-field wpforms-field-name\" data-field-id=\"0\"><label class=\"wpforms-field-label\" for=\"wpforms-148-field_0\">Nom <span class=\"wpforms-required-label\">*<\/span><\/label><div class=\"wpforms-field-row wpforms-field-medium\"><div class=\"wpforms-field-row-block wpforms-first wpforms-one-half\"><input type=\"text\" id=\"wpforms-148-field_0\" class=\"wpforms-field-name-first wpforms-field-required\" name=\"wpforms[fields][0][first]\" required><label for=\"wpforms-148-field_0\" class=\"wpforms-field-sublabel after \">Pr\u00e9nom<\/label><\/div><div class=\"wpforms-field-row-block wpforms-one-half\"><input type=\"text\" id=\"wpforms-148-field_0-last\" class=\"wpforms-field-name-last wpforms-field-required\" name=\"wpforms[fields][0][last]\" required><label for=\"wpforms-148-field_0-last\" class=\"wpforms-field-sublabel after \">Nom<\/label><\/div><\/div><\/div><div id=\"wpforms-148-field_1-container\" class=\"wpforms-field wpforms-field-email\" data-field-id=\"1\"><label class=\"wpforms-field-label\" for=\"wpforms-148-field_1\">E-mail <span class=\"wpforms-required-label\">*<\/span><\/label><input type=\"email\" id=\"wpforms-148-field_1\" class=\"wpforms-field-medium wpforms-field-required\" name=\"wpforms[fields][1]\" required><\/div><div id=\"wpforms-148-field_2-container\" class=\"wpforms-field wpforms-field-textarea\" data-field-id=\"2\"><label class=\"wpforms-field-label\" for=\"wpforms-148-field_2\">Commentaire ou message <span class=\"wpforms-required-label\">*<\/span><\/label><textarea id=\"wpforms-148-field_2\" class=\"wpforms-field-medium wpforms-field-required\" name=\"wpforms[fields][2]\" required><\/textarea><\/div><\/div><div class=\"wpforms-field wpforms-field-hp\"><label for=\"wpforms-148-field-hp\" class=\"wpforms-field-label\">Website<\/label><input type=\"text\" name=\"wpforms[hp]\" id=\"wpforms-148-field-hp\" class=\"wpforms-field-medium\"><\/div><div class=\"wpforms-submit-container\"><input type=\"hidden\" name=\"wpforms[id]\" value=\"148\"><input type=\"hidden\" name=\"wpforms[author]\" value=\"1\"><button type=\"submit\" name=\"wpforms[submit]\" id=\"wpforms-submit-148\" class=\"wpforms-submit\" data-alt-text=\"Envoi...\" data-submit-text=\"Envoyer\" aria-live=\"assertive\" value=\"wpforms-submit\">Envoyer<\/button><\/div><\/form><\/div>  <!-- .wpforms-container -->\t\t<\/div>\n\t\t\t\t<\/div>\n\t\t\t\t<div class=\"elementor-element elementor-element-1db110d elementor-widget elementor-widget-text-editor\" data-id=\"1db110d\" data-element_type=\"widget\" data-widget_type=\"text-editor.default\">\n\t\t\t\t<div class=\"elementor-widget-container\">\n\t\t\t\t\t\t\t<p><span class=\"w8qArf\"><span style=\"color: #00ffff;\">Adresse\u00a0<\/span>:\u00a0<\/span><span class=\"LrzXr\">24 Avenue du Pr\u00e9sident John Fitzgerald Kennedy, 33600 Pessac<\/span><\/p><p><span style=\"color: #00ffff;\">Mail<\/span>: contact@butoh-medulla.com<\/p><p><span style=\"color: #00ffff;\"><strong>T\u00e9l\u00e9phone<\/strong><\/span> <span style=\"color: #00ffff;\">: <\/span>06 64 42 47 99<\/p>\t\t\t\t\t\t<\/div>\n\t\t\t\t<\/div>\n\t\t\t\t\t<\/div>\n\t\t<\/div>\n\t\t\t\t\t\t\t<\/div>\n\t\t<\/section>\n\t\t\t\t<section class=\"elementor-section elementor-top-section elementor-element elementor-element-b6f4114 elementor-section-boxed elementor-section-height-default elementor-section-height-default\" data-id=\"b6f4114\" data-element_type=\"section\" data-settings=\"{&quot;background_background&quot;:&quot;gradient&quot;}\">\n\t\t\t\t\t\t<div class=\"elementor-container elementor-column-gap-default\">\n\t\t\t\t\t<div class=\"elementor-column elementor-col-100 elementor-top-column elementor-element elementor-element-3c0fec8\" data-id=\"3c0fec8\" data-element_type=\"column\">\n\t\t\t<div class=\"elementor-widget-wrap elementor-element-populated\">\n\t\t\t\t\t\t\t\t<div class=\"elementor-element elementor-element-c9cfaab elementor-widget elementor-widget-heading\" data-id=\"c9cfaab\" data-element_type=\"widget\" data-widget_type=\"heading.default\">\n\t\t\t\t<div class=\"elementor-widget-container\">\n\t\t\t<h2 class=\"elementor-heading-title elementor-size-default\">Mentions l\u00e9gales<\/h2>\t\t<\/div>\n\t\t\t\t<\/div>\n\t\t\t\t<div class=\"elementor-element elementor-element-637e88f elementor-widget elementor-widget-text-editor\" data-id=\"637e88f\" data-element_type=\"widget\" data-widget_type=\"text-editor.default\">\n\t\t\t\t<div class=\"elementor-widget-container\">\n\t\t\t\t\t\t\t<p>Le pr\u00e9sent site et sa base de donn\u00e9es sont h\u00e9berg\u00e9s sur les serveurs de la soci\u00e9t\u00e9\u00a0:\u00a0<strong>OVH<\/strong>\u00a0SAS au capital de 10 000 000 \u20ac Si\u00e8ge social : 2 rue Kellermann, 59100 Roubaix \u2013 France. SIRET :\u00a0RCS Roubaix \u2013 Tourcoing 424 761 419 00045 \u00a0\u00a0<\/p><p><b><span style=\"color: #00ffff;\">Editeur<\/span> <span style=\"color: #00ffff;\">du<\/span> <span style=\"color: #00ffff;\">Site :<\/span><\/b> Compagnie Medulla<\/p><p><strong><span style=\"color: #00ffff;\">Responsable<\/span> <span style=\"color: #00ffff;\">\u00e9ditorial<\/span> <span style=\"color: #00ffff;\">:<\/span><\/strong> Compagnie Medulla<\/p><p><span style=\"color: #00ffff;\"><strong>T\u00e9l\u00e9phone<\/strong><\/span> <span style=\"color: #00ffff;\">: <\/span>06 64 42 47 99<\/p><p><span style=\"color: #00ffff;\"><strong>Mail<\/strong> :<\/span> contact@butoh-medulla.com<\/p><p><span style=\"color: #00ffff;\"><strong>Site Web :<\/strong><\/span> http:\/\/butoh-medulla.com\/<\/p><p>\u00a0<b>Propri\u00e9t\u00e9 intellectuelle :<\/b>\u00a0Tout le contenu du pr\u00e9sent site\u00a0\u00a0<a href=\"http:\/\/butoh-medulla.com\/\" target=\"_blank\" rel=\"noopener\">http:\/\/butoh-medulla.com<\/a>\/, incluant, de fa\u00e7on non limitative, les graphismes, images, textes, vid\u00e9os, animations, sons, logos, gifs et ic\u00f4nes ainsi que leur mise en forme sont la propri\u00e9t\u00e9 exclusive de la soci\u00e9t\u00e9 \u00e0 l\u2019exception des marques, logos ou contenus appartenant \u00e0 d\u2019autres soci\u00e9t\u00e9s partenaires ou auteurs. Toute reproduction, distribution, modification, adaptation, retransmission ou publication, m\u00eame partielle, de ces diff\u00e9rents \u00e9l\u00e9ments est strictement interdite sans l\u2019accord expr\u00e8s par \u00e9crit de\u00a0la <strong>Compagnie Medulla<\/strong>.<\/p><p>Cette repr\u00e9sentation ou reproduction, par quelque proc\u00e9d\u00e9 que ce soit, constitue une contrefa\u00e7on sanctionn\u00e9e par les articles L.335-2 et suivants du Code de la propri\u00e9t\u00e9 intellectuelle. Le non-respect de cette interdiction constitue une contrefa\u00e7on pouvant engager la responsabilit\u00e9 civile et p\u00e9nale du contrefacteur. En outre, les propri\u00e9taires des Contenus copi\u00e9s pourraient intenter une action en justice \u00e0 votre encontre.\u00a0<\/p><p><span style=\"color: #00ffff;\"><b>Limitation contractuelles sur les donn\u00e9es :<\/b><\/span> Les informations contenues sur ce site sont aussi pr\u00e9cises que possible et le site remis \u00e0 jour \u00e0 diff\u00e9rentes p\u00e9riodes de l\u2019ann\u00e9e, mais peut toutefois contenir des inexactitudes ou des omissions. Si vous constatez une lacune, erreur ou ce qui parait \u00eatre un dysfonctionnement, merci de bien vouloir le signaler par email, \u00e0 l\u2019adresse contact@butoh-medulla.com\u00a0<\/p><p>Tout contenu t\u00e9l\u00e9charg\u00e9 se fait aux risques et p\u00e9rils de l\u2019utilisateur et sous sa seule responsabilit\u00e9. En cons\u00e9quence, ne saurait \u00eatre tenu responsable d\u2019un quelconque dommage subi par l\u2019ordinateur de l\u2019utilisateur ou d\u2019une quelconque perte de donn\u00e9es cons\u00e9cutives au t\u00e9l\u00e9chargement. De plus, l\u2019utilisateur du site s\u2019engage \u00e0 acc\u00e9der au site en utilisant un mat\u00e9riel r\u00e9cent, ne contenant pas de virus et avec un navigateur de derni\u00e8re g\u00e9n\u00e9ration mis-\u00e0-jour. Les liens hypertextes mis en place dans le cadre du pr\u00e9sent site internet en direction d\u2019autres ressources pr\u00e9sentes sur le r\u00e9seau Internet ne sauraient engager la responsabilit\u00e9 de la compagnie <strong>Medulla<\/strong>.<\/p><p><strong><span style=\"color: #00ffff;\">Conception et r\u00e9alisation : <\/span><\/strong>Sandra Tavares<\/p><p>Site propuls\u00e9 avec WordPress, Elementor, th\u00e8me OceanWP<\/p>\t\t\t\t\t\t<\/div>\n\t\t\t\t<\/div>\n\t\t\t\t\t<\/div>\n\t\t<\/div>\n\t\t\t\t\t\t\t<\/div>\n\t\t<\/section>\n\t\t\t\t\t\t\t<\/div>\n\t\t","protected":false},"excerpt":{"rendered":"<p>Adresse\u00a0:\u00a024 Avenue du Pr\u00e9sident John Fitzgerald Kennedy, 33600 Pessac Mail: contact@butoh-medulla.com T\u00e9l\u00e9phone : 06 64 42 47 99 Mentions l\u00e9gales Le pr\u00e9sent site et sa base de donn\u00e9es sont h\u00e9berg\u00e9s sur les serveurs de la soci\u00e9t\u00e9\u00a0:\u00a0OVH\u00a0SAS au capital de 10 000 000 \u20ac Si\u00e8ge social : 2 rue Kellermann, 59100 Roubaix \u2013 France. SIRET :\u00a0RCS [&hellip;]<\/p>\n","protected":false},"author":1,"featured_media":0,"parent":0,"menu_order":0,"comment_status":"closed","ping_status":"closed","template":"","meta":{"footnotes":""},"class_list":["post-74","page","type-page","status-publish","hentry","entry"],"_links":{"self":[{"href":"https:\/\/butoh-medulla.com\/index.php?rest_route=\/wp\/v2\/pages\/74","targetHints":{"allow":["GET"]}}],"collection":[{"href":"https:\/\/butoh-medulla.com\/index.php?rest_route=\/wp\/v2\/pages"}],"about":[{"href":"https:\/\/butoh-medulla.com\/index.php?rest_route=\/wp\/v2\/types\/page"}],"author":[{"embeddable":true,"href":"https:\/\/butoh-medulla.com\/index.php?rest_route=\/wp\/v2\/users\/1"}],"replies":[{"embeddable":true,"href":"https:\/\/butoh-medulla.com\/index.php?rest_route=%2Fwp%2Fv2%2Fcomments&post=74"}],"version-history":[{"count":36,"href":"https:\/\/butoh-medulla.com\/index.php?rest_route=\/wp\/v2\/pages\/74\/revisions"}],"predecessor-version":[{"id":1533,"href":"https:\/\/butoh-medulla.com\/index.php?rest_route=\/wp\/v2\/pages\/74\/revisions\/1533"}],"wp:attachment":[{"href":"https:\/\/butoh-medulla.com\/index.php?rest_route=%2Fwp%2Fv2%2Fmedia&parent=74"}],"curies":[{"name":"wp","href":"https:\/\/api.w.org\/{rel}","templated":true}]}}