{"id":63,"date":"2020-07-28T17:20:06","date_gmt":"2020-07-28T15:20:06","guid":{"rendered":"http:\/\/butohmr.cluster028.hosting.ovh.net\/?page_id=63"},"modified":"2020-10-14T19:52:30","modified_gmt":"2020-10-14T17:52:30","slug":"laurent-paris","status":"publish","type":"page","link":"https:\/\/butoh-medulla.com\/?page_id=63","title":{"rendered":"Laurent Paris"},"content":{"rendered":"\t\t<div data-elementor-type=\"wp-page\" data-elementor-id=\"63\" class=\"elementor elementor-63\">\n\t\t\t\t\t\t\t\t\t<section class=\"elementor-section elementor-top-section elementor-element elementor-element-2f30239 elementor-section-boxed elementor-section-height-default elementor-section-height-default\" data-id=\"2f30239\" data-element_type=\"section\">\n\t\t\t\t\t\t<div class=\"elementor-container elementor-column-gap-default\">\n\t\t\t\t\t<div class=\"elementor-column elementor-col-100 elementor-top-column elementor-element elementor-element-f52bea3\" data-id=\"f52bea3\" data-element_type=\"column\">\n\t\t\t<div class=\"elementor-widget-wrap\">\n\t\t\t\t\t\t\t\t\t<\/div>\n\t\t<\/div>\n\t\t\t\t\t\t\t<\/div>\n\t\t<\/section>\n\t\t\t\t<section class=\"elementor-section elementor-top-section elementor-element elementor-element-42823ce elementor-section-boxed elementor-section-height-default elementor-section-height-default\" data-id=\"42823ce\" data-element_type=\"section\" data-settings=\"{&quot;background_background&quot;:&quot;slideshow&quot;,&quot;background_slideshow_gallery&quot;:[{&quot;id&quot;:1302,&quot;url&quot;:&quot;http:\\\/\\\/butoh-medulla.com\\\/wp-content\\\/uploads\\\/2020\\\/09\\\/SPINA-doc-024-e1600772838398.jpg&quot;}],&quot;shape_divider_top&quot;:&quot;wave-brush&quot;,&quot;shape_divider_bottom&quot;:&quot;wave-brush&quot;,&quot;background_slideshow_loop&quot;:&quot;yes&quot;,&quot;background_slideshow_slide_duration&quot;:5000,&quot;background_slideshow_slide_transition&quot;:&quot;fade&quot;,&quot;background_slideshow_transition_duration&quot;:500}\">\n\t\t\t\t\t<div class=\"elementor-shape elementor-shape-top\" data-negative=\"false\">\n\t\t\t<svg xmlns=\"http:\/\/www.w3.org\/2000\/svg\" viewBox=\"0 0 283.5 27.8\" preserveAspectRatio=\"none\">\n\t<path class=\"elementor-shape-fill\" d=\"M283.5,9.7c0,0-7.3,4.3-14,4.6c-6.8,0.3-12.6,0-20.9-1.5c-11.3-2-33.1-10.1-44.7-5.7\ts-12.1,4.6-18,7.4c-6.6,3.2-20,9.6-36.6,9.3C131.6,23.5,99.5,7.2,86.3,8c-1.4,0.1-6.6,0.8-10.5,2c-3.8,1.2-9.4,3.8-17,4.7\tc-3.2,0.4-8.3,1.1-14.2,0.9c-1.5-0.1-6.3-0.4-12-1.6c-5.7-1.2-11-3.1-15.8-3.7C6.5,9.2,0,10.8,0,10.8V0h283.5V9.7z M260.8,11.3\tc-0.7-1-2-0.4-4.3-0.4c-2.3,0-6.1-1.2-5.8-1.1c0.3,0.1,3.1,1.5,6,1.9C259.7,12.2,261.4,12.3,260.8,11.3z M242.4,8.6\tc0,0-2.4-0.2-5.6-0.9c-3.2-0.8-10.3-2.8-15.1-3.5c-8.2-1.1-15.8,0-15.1,0.1c0.8,0.1,9.6-0.6,17.6,1.1c3.3,0.7,9.3,2.2,12.4,2.7\tC239.9,8.7,242.4,8.6,242.4,8.6z M185.2,8.5c1.7-0.7-13.3,4.7-18.5,6.1c-2.1,0.6-6.2,1.6-10,2c-3.9,0.4-8.9,0.4-8.8,0.5\tc0,0.2,5.8,0.8,11.2,0c5.4-0.8,5.2-1.1,7.6-1.6C170.5,14.7,183.5,9.2,185.2,8.5z M199.1,6.9c0.2,0-0.8-0.4-4.8,1.1\tc-4,1.5-6.7,3.5-6.9,3.7c-0.2,0.1,3.5-1.8,6.6-3C197,7.5,199,6.9,199.1,6.9z M283,6c-0.1,0.1-1.9,1.1-4.8,2.5s-6.9,2.8-6.7,2.7\tc0.2,0,3.5-0.6,7.4-2.5C282.8,6.8,283.1,5.9,283,6z M31.3,11.6c0.1-0.2-1.9-0.2-4.5-1.2s-5.4-1.6-7.8-2C15,7.6,7.3,8.5,7.7,8.6\tC8,8.7,15.9,8.3,20.2,9.3c2.2,0.5,2.4,0.5,5.7,1.6S31.2,11.9,31.3,11.6z M73,9.2c0.4-0.1,3.5-1.6,8.4-2.6c4.9-1.1,8.9-0.5,8.9-0.8\tc0-0.3-1-0.9-6.2-0.3S72.6,9.3,73,9.2z M71.6,6.7C71.8,6.8,75,5.4,77.3,5c2.3-0.3,1.9-0.5,1.9-0.6c0-0.1-1.1-0.2-2.7,0.2\tC74.8,5.1,71.4,6.6,71.6,6.7z M93.6,4.4c0.1,0.2,3.5,0.8,5.6,1.8c2.1,1,1.8,0.6,1.9,0.5c0.1-0.1-0.8-0.8-2.4-1.3\tC97.1,4.8,93.5,4.2,93.6,4.4z M65.4,11.1c-0.1,0.3,0.3,0.5,1.9-0.2s2.6-1.3,2.2-1.2s-0.9,0.4-2.5,0.8C65.3,10.9,65.5,10.8,65.4,11.1\tz M34.5,12.4c-0.2,0,2.1,0.8,3.3,0.9c1.2,0.1,2,0.1,2-0.2c0-0.3-0.1-0.5-1.6-0.4C36.6,12.8,34.7,12.4,34.5,12.4z M152.2,21.1\tc-0.1,0.1-2.4-0.3-7.5-0.3c-5,0-13.6-2.4-17.2-3.5c-3.6-1.1,10,3.9,16.5,4.1C150.5,21.6,152.3,21,152.2,21.1z\"\/>\n\t<path class=\"elementor-shape-fill\" d=\"M269.6,18c-0.1-0.1-4.6,0.3-7.2,0c-7.3-0.7-17-3.2-16.6-2.9c0.4,0.3,13.7,3.1,17,3.3\tC267.7,18.8,269.7,18,269.6,18z\"\/>\n\t<path class=\"elementor-shape-fill\" d=\"M227.4,9.8c-0.2-0.1-4.5-1-9.5-1.2c-5-0.2-12.7,0.6-12.3,0.5c0.3-0.1,5.9-1.8,13.3-1.2\tS227.6,9.9,227.4,9.8z\"\/>\n\t<path class=\"elementor-shape-fill\" d=\"M204.5,13.4c-0.1-0.1,2-1,3.2-1.1c1.2-0.1,2,0,2,0.3c0,0.3-0.1,0.5-1.6,0.4\tC206.4,12.9,204.6,13.5,204.5,13.4z\"\/>\n\t<path class=\"elementor-shape-fill\" d=\"M201,10.6c0-0.1-4.4,1.2-6.3,2.2c-1.9,0.9-6.2,3.1-6.1,3.1c0.1,0.1,4.2-1.6,6.3-2.6\tS201,10.7,201,10.6z\"\/>\n\t<path class=\"elementor-shape-fill\" d=\"M154.5,26.7c-0.1-0.1-4.6,0.3-7.2,0c-7.3-0.7-17-3.2-16.6-2.9c0.4,0.3,13.7,3.1,17,3.3\tC152.6,27.5,154.6,26.8,154.5,26.7z\"\/>\n\t<path class=\"elementor-shape-fill\" d=\"M41.9,19.3c0,0,1.2-0.3,2.9-0.1c1.7,0.2,5.8,0.9,8.2,0.7c4.2-0.4,7.4-2.7,7-2.6\tc-0.4,0-4.3,2.2-8.6,1.9c-1.8-0.1-5.1-0.5-6.7-0.4S41.9,19.3,41.9,19.3z\"\/>\n\t<path class=\"elementor-shape-fill\" d=\"M75.5,12.6c0.2,0.1,2-0.8,4.3-1.1c2.3-0.2,2.1-0.3,2.1-0.5c0-0.1-1.8-0.4-3.4,0\tC76.9,11.5,75.3,12.5,75.5,12.6z\"\/>\n\t<path class=\"elementor-shape-fill\" d=\"M15.6,13.2c0-0.1,4.3,0,6.7,0.5c2.4,0.5,5,1.9,5,2c0,0.1-2.7-0.8-5.1-1.4\tC19.9,13.7,15.7,13.3,15.6,13.2z\"\/>\n<\/svg>\t\t<\/div>\n\t\t\t\t<div class=\"elementor-shape elementor-shape-bottom\" data-negative=\"false\">\n\t\t\t<svg xmlns=\"http:\/\/www.w3.org\/2000\/svg\" viewBox=\"0 0 283.5 27.8\" preserveAspectRatio=\"none\">\n\t<path class=\"elementor-shape-fill\" d=\"M283.5,9.7c0,0-7.3,4.3-14,4.6c-6.8,0.3-12.6,0-20.9-1.5c-11.3-2-33.1-10.1-44.7-5.7\ts-12.1,4.6-18,7.4c-6.6,3.2-20,9.6-36.6,9.3C131.6,23.5,99.5,7.2,86.3,8c-1.4,0.1-6.6,0.8-10.5,2c-3.8,1.2-9.4,3.8-17,4.7\tc-3.2,0.4-8.3,1.1-14.2,0.9c-1.5-0.1-6.3-0.4-12-1.6c-5.7-1.2-11-3.1-15.8-3.7C6.5,9.2,0,10.8,0,10.8V0h283.5V9.7z M260.8,11.3\tc-0.7-1-2-0.4-4.3-0.4c-2.3,0-6.1-1.2-5.8-1.1c0.3,0.1,3.1,1.5,6,1.9C259.7,12.2,261.4,12.3,260.8,11.3z M242.4,8.6\tc0,0-2.4-0.2-5.6-0.9c-3.2-0.8-10.3-2.8-15.1-3.5c-8.2-1.1-15.8,0-15.1,0.1c0.8,0.1,9.6-0.6,17.6,1.1c3.3,0.7,9.3,2.2,12.4,2.7\tC239.9,8.7,242.4,8.6,242.4,8.6z M185.2,8.5c1.7-0.7-13.3,4.7-18.5,6.1c-2.1,0.6-6.2,1.6-10,2c-3.9,0.4-8.9,0.4-8.8,0.5\tc0,0.2,5.8,0.8,11.2,0c5.4-0.8,5.2-1.1,7.6-1.6C170.5,14.7,183.5,9.2,185.2,8.5z M199.1,6.9c0.2,0-0.8-0.4-4.8,1.1\tc-4,1.5-6.7,3.5-6.9,3.7c-0.2,0.1,3.5-1.8,6.6-3C197,7.5,199,6.9,199.1,6.9z M283,6c-0.1,0.1-1.9,1.1-4.8,2.5s-6.9,2.8-6.7,2.7\tc0.2,0,3.5-0.6,7.4-2.5C282.8,6.8,283.1,5.9,283,6z M31.3,11.6c0.1-0.2-1.9-0.2-4.5-1.2s-5.4-1.6-7.8-2C15,7.6,7.3,8.5,7.7,8.6\tC8,8.7,15.9,8.3,20.2,9.3c2.2,0.5,2.4,0.5,5.7,1.6S31.2,11.9,31.3,11.6z M73,9.2c0.4-0.1,3.5-1.6,8.4-2.6c4.9-1.1,8.9-0.5,8.9-0.8\tc0-0.3-1-0.9-6.2-0.3S72.6,9.3,73,9.2z M71.6,6.7C71.8,6.8,75,5.4,77.3,5c2.3-0.3,1.9-0.5,1.9-0.6c0-0.1-1.1-0.2-2.7,0.2\tC74.8,5.1,71.4,6.6,71.6,6.7z M93.6,4.4c0.1,0.2,3.5,0.8,5.6,1.8c2.1,1,1.8,0.6,1.9,0.5c0.1-0.1-0.8-0.8-2.4-1.3\tC97.1,4.8,93.5,4.2,93.6,4.4z M65.4,11.1c-0.1,0.3,0.3,0.5,1.9-0.2s2.6-1.3,2.2-1.2s-0.9,0.4-2.5,0.8C65.3,10.9,65.5,10.8,65.4,11.1\tz M34.5,12.4c-0.2,0,2.1,0.8,3.3,0.9c1.2,0.1,2,0.1,2-0.2c0-0.3-0.1-0.5-1.6-0.4C36.6,12.8,34.7,12.4,34.5,12.4z M152.2,21.1\tc-0.1,0.1-2.4-0.3-7.5-0.3c-5,0-13.6-2.4-17.2-3.5c-3.6-1.1,10,3.9,16.5,4.1C150.5,21.6,152.3,21,152.2,21.1z\"\/>\n\t<path class=\"elementor-shape-fill\" d=\"M269.6,18c-0.1-0.1-4.6,0.3-7.2,0c-7.3-0.7-17-3.2-16.6-2.9c0.4,0.3,13.7,3.1,17,3.3\tC267.7,18.8,269.7,18,269.6,18z\"\/>\n\t<path class=\"elementor-shape-fill\" d=\"M227.4,9.8c-0.2-0.1-4.5-1-9.5-1.2c-5-0.2-12.7,0.6-12.3,0.5c0.3-0.1,5.9-1.8,13.3-1.2\tS227.6,9.9,227.4,9.8z\"\/>\n\t<path class=\"elementor-shape-fill\" d=\"M204.5,13.4c-0.1-0.1,2-1,3.2-1.1c1.2-0.1,2,0,2,0.3c0,0.3-0.1,0.5-1.6,0.4\tC206.4,12.9,204.6,13.5,204.5,13.4z\"\/>\n\t<path class=\"elementor-shape-fill\" d=\"M201,10.6c0-0.1-4.4,1.2-6.3,2.2c-1.9,0.9-6.2,3.1-6.1,3.1c0.1,0.1,4.2-1.6,6.3-2.6\tS201,10.7,201,10.6z\"\/>\n\t<path class=\"elementor-shape-fill\" d=\"M154.5,26.7c-0.1-0.1-4.6,0.3-7.2,0c-7.3-0.7-17-3.2-16.6-2.9c0.4,0.3,13.7,3.1,17,3.3\tC152.6,27.5,154.6,26.8,154.5,26.7z\"\/>\n\t<path class=\"elementor-shape-fill\" d=\"M41.9,19.3c0,0,1.2-0.3,2.9-0.1c1.7,0.2,5.8,0.9,8.2,0.7c4.2-0.4,7.4-2.7,7-2.6\tc-0.4,0-4.3,2.2-8.6,1.9c-1.8-0.1-5.1-0.5-6.7-0.4S41.9,19.3,41.9,19.3z\"\/>\n\t<path class=\"elementor-shape-fill\" d=\"M75.5,12.6c0.2,0.1,2-0.8,4.3-1.1c2.3-0.2,2.1-0.3,2.1-0.5c0-0.1-1.8-0.4-3.4,0\tC76.9,11.5,75.3,12.5,75.5,12.6z\"\/>\n\t<path class=\"elementor-shape-fill\" d=\"M15.6,13.2c0-0.1,4.3,0,6.7,0.5c2.4,0.5,5,1.9,5,2c0,0.1-2.7-0.8-5.1-1.4\tC19.9,13.7,15.7,13.3,15.6,13.2z\"\/>\n<\/svg>\t\t<\/div>\n\t\t\t\t\t<div class=\"elementor-container elementor-column-gap-default\">\n\t\t\t\t\t<div class=\"elementor-column elementor-col-100 elementor-top-column elementor-element elementor-element-70aedb6\" data-id=\"70aedb6\" data-element_type=\"column\">\n\t\t\t<div class=\"elementor-widget-wrap\">\n\t\t\t\t\t\t\t\t\t<\/div>\n\t\t<\/div>\n\t\t\t\t\t\t\t<\/div>\n\t\t<\/section>\n\t\t\t\t<section class=\"elementor-section elementor-top-section elementor-element elementor-element-b74faa4 elementor-section-boxed elementor-section-height-default elementor-section-height-default\" data-id=\"b74faa4\" data-element_type=\"section\">\n\t\t\t\t\t\t<div class=\"elementor-container elementor-column-gap-default\">\n\t\t\t\t\t<div class=\"elementor-column elementor-col-100 elementor-top-column elementor-element elementor-element-7235e4d\" data-id=\"7235e4d\" data-element_type=\"column\">\n\t\t\t<div class=\"elementor-widget-wrap elementor-element-populated\">\n\t\t\t\t\t\t\t\t<div class=\"elementor-element elementor-element-ea0a65d elementor-widget elementor-widget-heading\" data-id=\"ea0a65d\" data-element_type=\"widget\" data-widget_type=\"heading.default\">\n\t\t\t\t<div class=\"elementor-widget-container\">\n\t\t\t<h2 class=\"elementor-heading-title elementor-size-default\">Laurent Paris<\/h2>\t\t<\/div>\n\t\t\t\t<\/div>\n\t\t\t\t\t<\/div>\n\t\t<\/div>\n\t\t\t\t\t\t\t<\/div>\n\t\t<\/section>\n\t\t\t\t<section class=\"elementor-section elementor-top-section elementor-element elementor-element-da45d29 elementor-section-boxed elementor-section-height-default elementor-section-height-default\" data-id=\"da45d29\" data-element_type=\"section\" data-settings=\"{&quot;background_background&quot;:&quot;classic&quot;}\">\n\t\t\t\t\t\t<div class=\"elementor-container elementor-column-gap-default\">\n\t\t\t\t\t<div class=\"elementor-column elementor-col-50 elementor-top-column elementor-element elementor-element-8f865db\" data-id=\"8f865db\" data-element_type=\"column\">\n\t\t\t<div class=\"elementor-widget-wrap elementor-element-populated\">\n\t\t\t\t\t\t\t\t<div class=\"elementor-element elementor-element-75309fa elementor-widget elementor-widget-text-editor\" data-id=\"75309fa\" data-element_type=\"widget\" data-widget_type=\"text-editor.default\">\n\t\t\t\t<div class=\"elementor-widget-container\">\n\t\t\t\t\t\t\t<p align=\"LEFT\">Cr\u00e9\u00e9 en 1991 \u00e0 la suite de SPINA BIFIDA(1983-1988), le groupe SPINA tente d\u2019op\u00e9rer une synth\u00e8se cr\u00e9ative et innovante entre, d\u2019une part, l\u2019image et le son et, d\u2019autre part, l\u2019homme et la machine.<\/p><p align=\"LEFT\">Tout au long de ces diff\u00e9rents projets musicaux, le groupe SPINA y int\u00e9grera les technologies \u00e9mergentes afin de cr\u00e9er une ad\u00e9quation optimale, aux limites de la transe, entre l\u2019univers vibratoire et organique du rock et celui, plus froid, des machines.<br \/>Leurs performances et leurs productions phonographiques successives font de SPINA un groupe de renomm\u00e9e nationale et internationale qui signe chez Musidisc Universal .<br \/>Les albums de SPINA profitent d\u00e8s lors de grandes diffusions avec des budgets promotionnels cons\u00e9quents : l\u2019album rouge en 1997 sortira \u00e0 plus de dix mille exemplaires. Les tourn\u00e9es s\u2019encha\u00eenent dans diff\u00e9rents lieux nationaux de la musique : Divan du Monde, Caf\u00e9 de la Danse, Passage du Nord-Ouest \u00e0 Paris et dans diff\u00e9rents festivals d\u2019ampleur internationale comme les Transmusicales de Rennes, le Printemps de Bourges ou le Festival Nevers \u00e0 Vif.<\/p><p align=\"LEFT\">SPINA traverse la d\u00e9cennie 90 avec une d\u00e9termination artistique et professionnelle rare dans le rock et ce, malgr\u00e9 quelques changements dans la composition de base du groupe avec les d\u00e9parts d\u2019Alain Jacquemin, Jean-Fran\u00e7ois Buisson et de Vincent Paris et l\u2019arriv\u00e9e puis le d\u00e9part du chanteur Pascal Maunoury.<br \/>Sous l\u2019impulsion de Jean Fran\u00e7ois Buisson (sculpteur bordelais) l\u2019\u00e9quipe de SPINA emm\u00e9nagea \u00e0 la Base sous-marine de Bordeaux offrant un cadre pour leurs grandioses frasques cr\u00e9atives.<\/p>\t\t\t\t\t\t<\/div>\n\t\t\t\t<\/div>\n\t\t\t\t<div class=\"elementor-element elementor-element-98b744c elementor-widget elementor-widget-image\" data-id=\"98b744c\" data-element_type=\"widget\" data-widget_type=\"image.default\">\n\t\t\t\t<div class=\"elementor-widget-container\">\n\t\t\t\t\t\t\t\t\t\t\t\t\t\t\t<img fetchpriority=\"high\" decoding=\"async\" width=\"1024\" height=\"665\" src=\"https:\/\/butoh-medulla.com\/wp-content\/uploads\/2020\/09\/SPINA-90-032-1024x665.jpg\" class=\"attachment-large size-large wp-image-1301\" alt=\"\" srcset=\"https:\/\/butoh-medulla.com\/wp-content\/uploads\/2020\/09\/SPINA-90-032-1024x665.jpg 1024w, https:\/\/butoh-medulla.com\/wp-content\/uploads\/2020\/09\/SPINA-90-032-300x195.jpg 300w, https:\/\/butoh-medulla.com\/wp-content\/uploads\/2020\/09\/SPINA-90-032-768x499.jpg 768w, https:\/\/butoh-medulla.com\/wp-content\/uploads\/2020\/09\/SPINA-90-032-1536x997.jpg 1536w, https:\/\/butoh-medulla.com\/wp-content\/uploads\/2020\/09\/SPINA-90-032-2048x1329.jpg 2048w\" sizes=\"(max-width: 1024px) 100vw, 1024px\" \/>\t\t\t\t\t\t\t\t\t\t\t\t\t\t\t<\/div>\n\t\t\t\t<\/div>\n\t\t\t\t\t<\/div>\n\t\t<\/div>\n\t\t\t\t<div class=\"elementor-column elementor-col-50 elementor-top-column elementor-element elementor-element-8d94b22\" data-id=\"8d94b22\" data-element_type=\"column\">\n\t\t\t<div class=\"elementor-widget-wrap elementor-element-populated\">\n\t\t\t\t\t\t\t\t<div class=\"elementor-element elementor-element-d41e924 pa-aspect-ratio-169 elementor-widget elementor-widget-premium-addon-video-box\" data-id=\"d41e924\" data-element_type=\"widget\" data-settings=\"{&quot;premium_video_box_video_type&quot;:&quot;youtube&quot;,&quot;aspect_ratio&quot;:&quot;169&quot;}\" data-widget_type=\"premium-addon-video-box.default\">\n\t\t\t\t<div class=\"elementor-widget-container\">\n\t\t\t\r\n\t\t<div >\r\n\t\t\t<div id=\"premium-video-box-container-d41e924\" class=\"premium-video-box-container\" data-overlay=\"true\" data-type=\"youtube\" data-thumbnail=\"1\" data-hover=\"none\">\r\n\t\t\t\t<div  >\r\n\t\t\t\t\t\t\t\t\t\t<div class=\"premium-video-box-inner-wrap\" data-video-animation=\" animated-\" data-delay-animation=\"\">\r\n\t\t\t\t\t\t<div data-src=\"https:\/\/www.youtube.com\/embed\/fE_vJwCFycs?feature=oembed&amp;rel=0&amp;mute=0&amp;loop=0&amp;controls=1\" class=\"premium-video-box-video-container\">\r\n\t\t\t\t\t\t\t\t\t\t\t\t\t<\/div>\r\n\t\t\t\t\t\t\t<div style=\"background-image:url(&#039;http:\/\/butoh-medulla.com\/wp-content\/uploads\/2020\/10\/more-light.jpg&#039;)\" class=\"premium-video-box-image-container none\"><\/div>\r\n\t\t\t\t\t\t\t\t\t\t\t\t\t\t\t\t\t\t\t\t\t\t\t\t\t\t\t<div class=\"premium-video-box-play-icon-container\">\r\n\t\t\t\t\t\t\t\t<i class=\"premium-video-box-play-icon fa fa-play fa-lg\"><\/i>\r\n\t\t\t\t\t\t\t<\/div>\r\n\t\t\t\t\t\t\t\t\t\t\t\t\t\t\t\t\t<\/div>\r\n\t\t\t\t<\/div>\r\n\t\t\t<\/div>\r\n\t\t<\/div>\r\n\t\t\t\t<\/div>\n\t\t\t\t<\/div>\n\t\t\t\t<div class=\"elementor-element elementor-element-bfc9dfa elementor-widget elementor-widget-text-editor\" data-id=\"bfc9dfa\" data-element_type=\"widget\" data-widget_type=\"text-editor.default\">\n\t\t\t\t<div class=\"elementor-widget-container\">\n\t\t\t\t\t\t\t<p align=\"LEFT\">Le groupe SPINA est compos\u00e9 de Laurent Paris (composition musique et textes, guitare et chant), Bruno Bares (batterie, basse et chant), Alain Jacquemin (son jusqu\u2019\u00e0 2000), Philippe Bayle (textes et relations publiques jusqu\u2019\u00e0 1995), Jean-Fran\u00e7ois Buisson (Batterie et d\u00e9cors jusqu\u2019\u00e0 2005), Vincent Paris (infographie et vid\u00e9o jusqu\u2019\u00e0 2000), Pascal Maunoury (chant de 2000 \u00e0 2005), Mathieu Dugrava (son depuis 2000) et Frank Le Galliard (vid\u00e9o).<br \/>Un tournant s\u2019op\u00e8re au d\u00e9but des ann\u00e9es 2000 lorsque le groupe SPINA rencontre l\u2019une des ma\u00eetresses du But\u00f4 : la danseuse chor\u00e9graphe Carlotta Ikeda de la compagnie Ariadone. La mise en commun artistique des deux univers, loin d\u2019\u00eatre antagoniste, se fit sur le sensible. Togu\u00e9, nom du spectacle issu de cette rencontre n\u00e9e sur le terrain de l\u2019impact \u00e9motionnel g\u00e9n\u00e9r\u00e9 par les visions compl\u00e9mentaires de la guerre que peuvent avoir le but\u00f4 d\u2019ARIADONE, \u00e9manation du traumatisme v\u00e9cu d\u2019Hiroshima, et le langage virtuel de SPINA transcendant son propre ressenti de la guerre du Golfe.\u00a0<\/p>\t\t\t\t\t\t<\/div>\n\t\t\t\t<\/div>\n\t\t\t\t<div class=\"elementor-element elementor-element-fce4de4 pa-aspect-ratio-169 elementor-widget elementor-widget-premium-addon-video-box\" data-id=\"fce4de4\" data-element_type=\"widget\" data-settings=\"{&quot;premium_video_box_video_type&quot;:&quot;youtube&quot;,&quot;aspect_ratio&quot;:&quot;169&quot;}\" data-widget_type=\"premium-addon-video-box.default\">\n\t\t\t\t<div class=\"elementor-widget-container\">\n\t\t\t\r\n\t\t<div >\r\n\t\t\t<div id=\"premium-video-box-container-fce4de4\" class=\"premium-video-box-container\" data-overlay=\"true\" data-type=\"youtube\" data-thumbnail=\"1\" data-hover=\"none\">\r\n\t\t\t\t<div  >\r\n\t\t\t\t\t\t\t\t\t\t<div class=\"premium-video-box-inner-wrap\" data-video-animation=\" animated-\" data-delay-animation=\"\">\r\n\t\t\t\t\t\t<div data-src=\"https:\/\/www.youtube.com\/embed\/FYwN9CLo17w?feature=oembed&amp;rel=0&amp;mute=0&amp;loop=0&amp;controls=1\" class=\"premium-video-box-video-container\">\r\n\t\t\t\t\t\t\t\t\t\t\t\t\t<\/div>\r\n\t\t\t\t\t\t\t<div style=\"background-image:url(&#039;http:\/\/butoh-medulla.com\/wp-content\/uploads\/2020\/10\/spinatogue.jpg&#039;)\" class=\"premium-video-box-image-container none\"><\/div>\r\n\t\t\t\t\t\t\t\t\t\t\t\t\t\t\t\t\t\t\t\t\t\t\t\t\t\t\t<div class=\"premium-video-box-play-icon-container\">\r\n\t\t\t\t\t\t\t\t<i class=\"premium-video-box-play-icon fa fa-play fa-lg\"><\/i>\r\n\t\t\t\t\t\t\t<\/div>\r\n\t\t\t\t\t\t\t\t\t\t\t\t\t\t\t\t\t<\/div>\r\n\t\t\t\t<\/div>\r\n\t\t\t<\/div>\r\n\t\t<\/div>\r\n\t\t\t\t<\/div>\n\t\t\t\t<\/div>\n\t\t\t\t<div class=\"elementor-element elementor-element-2b18b6d elementor-widget elementor-widget-text-editor\" data-id=\"2b18b6d\" data-element_type=\"widget\" data-widget_type=\"text-editor.default\">\n\t\t\t\t<div class=\"elementor-widget-container\">\n\t\t\t\t\t\t\t<p>Togu\u00e9 pr\u00e9sent\u00e9 pour la premi\u00e8re fois au Festival de Marseille en 2002 sublimera cette violence exprim\u00e9e conjointement par la performance physique des danseuses et la tension des trois musiciens de SPINA suspendus sur d\u2019\u00e9normes cubes m\u00e9talliques surplombant la sc\u00e8ne.<br \/>(Pr\u00e9sentation extraite du livre de Denis Fouquet \u00ab BORDEAUX ROCK \u00bb)<\/p>\t\t\t\t\t\t<\/div>\n\t\t\t\t<\/div>\n\t\t\t\t\t<\/div>\n\t\t<\/div>\n\t\t\t\t\t\t\t<\/div>\n\t\t<\/section>\n\t\t\t\t<section class=\"elementor-section elementor-top-section elementor-element elementor-element-d41be1f elementor-section-boxed elementor-section-height-default elementor-section-height-default\" data-id=\"d41be1f\" data-element_type=\"section\">\n\t\t\t\t\t\t<div class=\"elementor-container elementor-column-gap-default\">\n\t\t\t\t\t<div class=\"elementor-column elementor-col-100 elementor-top-column elementor-element elementor-element-1098847\" data-id=\"1098847\" data-element_type=\"column\">\n\t\t\t<div class=\"elementor-widget-wrap elementor-element-populated\">\n\t\t\t\t\t\t\t\t<div class=\"elementor-element elementor-element-af69afc pa-aspect-ratio-169 elementor-widget elementor-widget-premium-addon-video-box\" data-id=\"af69afc\" data-element_type=\"widget\" data-settings=\"{&quot;premium_video_box_video_type&quot;:&quot;youtube&quot;,&quot;aspect_ratio&quot;:&quot;169&quot;}\" data-widget_type=\"premium-addon-video-box.default\">\n\t\t\t\t<div class=\"elementor-widget-container\">\n\t\t\t\r\n\t\t<div >\r\n\t\t\t<div id=\"premium-video-box-container-af69afc\" class=\"premium-video-box-container\" data-overlay=\"false\" data-type=\"youtube\" data-thumbnail=\"1\" data-hover=\"none\">\r\n\t\t\t\t<div  >\r\n\t\t\t\t\t\t\t\t\t\t<div class=\"premium-video-box-inner-wrap\" data-video-animation=\" animated-\" data-delay-animation=\"\">\r\n\t\t\t\t\t\t<div data-src=\"https:\/\/www.youtube.com\/embed\/HHzCjvxopS4?feature=oembed&amp;rel=0&amp;mute=0&amp;loop=0&amp;controls=1\" class=\"premium-video-box-video-container\">\r\n\t\t\t\t\t\t\t\t\t\t\t\t\t<\/div>\r\n\t\t\t\t\t\t\t<div style=\"background-image:url(&#039;https:\/\/i.ytimg.com\/vi\/HHzCjvxopS4\/maxresdefault.jpg&#039;)\" class=\"premium-video-box-image-container none\"><\/div>\r\n\t\t\t\t\t\t\t\t\t\t\t\t\t\t\t\t\t\t\t\t\t\t\t\t\t\t\t<div class=\"premium-video-box-play-icon-container\">\r\n\t\t\t\t\t\t\t\t<i class=\"premium-video-box-play-icon fa fa-play fa-lg\"><\/i>\r\n\t\t\t\t\t\t\t<\/div>\r\n\t\t\t\t\t\t\t\t\t\t\t\t\t\t\t\t\t<\/div>\r\n\t\t\t\t<\/div>\r\n\t\t\t<\/div>\r\n\t\t<\/div>\r\n\t\t\t\t<\/div>\n\t\t\t\t<\/div>\n\t\t\t\t\t<\/div>\n\t\t<\/div>\n\t\t\t\t\t\t\t<\/div>\n\t\t<\/section>\n\t\t\t\t\t\t\t<\/div>\n\t\t","protected":false},"excerpt":{"rendered":"<p>Laurent Paris Cr\u00e9\u00e9 en 1991 \u00e0 la suite de SPINA BIFIDA(1983-1988), le groupe SPINA tente d\u2019op\u00e9rer une synth\u00e8se cr\u00e9ative et innovante entre, d\u2019une part, l\u2019image et le son et, d\u2019autre part, l\u2019homme et la machine. Tout au long de ces diff\u00e9rents projets musicaux, le groupe SPINA y int\u00e9grera les technologies \u00e9mergentes afin de cr\u00e9er une [&hellip;]<\/p>\n","protected":false},"author":1,"featured_media":0,"parent":0,"menu_order":0,"comment_status":"closed","ping_status":"closed","template":"","meta":{"footnotes":""},"class_list":["post-63","page","type-page","status-publish","hentry","entry"],"_links":{"self":[{"href":"https:\/\/butoh-medulla.com\/index.php?rest_route=\/wp\/v2\/pages\/63","targetHints":{"allow":["GET"]}}],"collection":[{"href":"https:\/\/butoh-medulla.com\/index.php?rest_route=\/wp\/v2\/pages"}],"about":[{"href":"https:\/\/butoh-medulla.com\/index.php?rest_route=\/wp\/v2\/types\/page"}],"author":[{"embeddable":true,"href":"https:\/\/butoh-medulla.com\/index.php?rest_route=\/wp\/v2\/users\/1"}],"replies":[{"embeddable":true,"href":"https:\/\/butoh-medulla.com\/index.php?rest_route=%2Fwp%2Fv2%2Fcomments&post=63"}],"version-history":[{"count":50,"href":"https:\/\/butoh-medulla.com\/index.php?rest_route=\/wp\/v2\/pages\/63\/revisions"}],"predecessor-version":[{"id":1512,"href":"https:\/\/butoh-medulla.com\/index.php?rest_route=\/wp\/v2\/pages\/63\/revisions\/1512"}],"wp:attachment":[{"href":"https:\/\/butoh-medulla.com\/index.php?rest_route=%2Fwp%2Fv2%2Fmedia&parent=63"}],"curies":[{"name":"wp","href":"https:\/\/api.w.org\/{rel}","templated":true}]}}